{"id":340,"date":"2022-08-25T09:45:52","date_gmt":"2022-08-25T09:45:52","guid":{"rendered":"https:\/\/themexriver.com\/wp\/spero\/?page_id=340"},"modified":"2023-07-14T13:33:04","modified_gmt":"2023-07-14T13:33:04","slug":"about","status":"publish","type":"page","link":"https:\/\/bricoelvas.pt\/2023\/about\/","title":{"rendered":"Sobre"},"content":{"rendered":"\t\t<div data-elementor-type=\"wp-page\" data-elementor-id=\"340\" class=\"elementor elementor-340\">\n\t\t\t\t\t\t\t\t\t<section class=\"elementor-section elementor-top-section elementor-element elementor-element-a041922 elementor-section-boxed elementor-section-height-default elementor-section-height-default\" data-id=\"a041922\" data-element_type=\"section\">\n\t\t\t\t\t\t<div class=\"elementor-container elementor-column-gap-default\">\n\t\t\t\t\t<div class=\"elementor-column elementor-col-50 elementor-top-column elementor-element elementor-element-2851ef6\" data-id=\"2851ef6\" data-element_type=\"column\">\n\t\t\t<div class=\"elementor-widget-wrap elementor-element-populated\">\n\t\t\t\t\t\t\t\t<div class=\"elementor-element elementor-element-4b745d8 elementor-widget elementor-widget-image\" data-id=\"4b745d8\" data-element_type=\"widget\" data-widget_type=\"image.default\">\n\t\t\t\t<div class=\"elementor-widget-container\">\n\t\t\t<style>\/*! elementor - v3.12.2 - 23-04-2023 *\/\n.elementor-widget-image{text-align:center}.elementor-widget-image a{display:inline-block}.elementor-widget-image a img[src$=\".svg\"]{width:48px}.elementor-widget-image img{vertical-align:middle;display:inline-block}<\/style>\t\t\t\t\t\t\t\t\t\t\t\t<img decoding=\"async\" src=\"https:\/\/bricoelvas.pt\/2023\/wp-content\/uploads\/elementor\/thumbs\/IMG_1477-scaled-q9b9u6sitc1bl5m5rifof3ml1pxgniukoug6tw3hyk.jpg\" title=\"IMG_1477\" alt=\"IMG_1477\" loading=\"lazy\" \/>\t\t\t\t\t\t\t\t\t\t\t\t\t\t\t<\/div>\n\t\t\t\t<\/div>\n\t\t\t\t\t<\/div>\n\t\t<\/div>\n\t\t\t\t<div class=\"elementor-column elementor-col-50 elementor-top-column elementor-element elementor-element-15d2bee\" data-id=\"15d2bee\" data-element_type=\"column\">\n\t\t\t<div class=\"elementor-widget-wrap elementor-element-populated\">\n\t\t\t\t\t\t\t\t<div class=\"elementor-element elementor-element-aacbcde elementor-widget elementor-widget-heading\" data-id=\"aacbcde\" data-element_type=\"widget\" data-widget_type=\"heading.default\">\n\t\t\t\t<div class=\"elementor-widget-container\">\n\t\t\t<style>\/*! elementor - v3.12.2 - 23-04-2023 *\/\n.elementor-heading-title{padding:0;margin:0;line-height:1}.elementor-widget-heading .elementor-heading-title[class*=elementor-size-]>a{color:inherit;font-size:inherit;line-height:inherit}.elementor-widget-heading .elementor-heading-title.elementor-size-small{font-size:15px}.elementor-widget-heading .elementor-heading-title.elementor-size-medium{font-size:19px}.elementor-widget-heading .elementor-heading-title.elementor-size-large{font-size:29px}.elementor-widget-heading .elementor-heading-title.elementor-size-xl{font-size:39px}.elementor-widget-heading .elementor-heading-title.elementor-size-xxl{font-size:59px}<\/style><h2 class=\"elementor-heading-title elementor-size-default\">A BRICOELVAS, Bricolage e Materiais de Constru\u00e7\u00e3o<\/h2>\t\t<\/div>\n\t\t\t\t<\/div>\n\t\t\t\t<div class=\"elementor-element elementor-element-7a8a818 elementor-widget__width-initial elementor-widget elementor-widget-text-editor\" data-id=\"7a8a818\" data-element_type=\"widget\" data-widget_type=\"text-editor.default\">\n\t\t\t\t<div class=\"elementor-widget-container\">\n\t\t\t<style>\/*! elementor - v3.12.2 - 23-04-2023 *\/\n.elementor-widget-text-editor.elementor-drop-cap-view-stacked .elementor-drop-cap{background-color:#69727d;color:#fff}.elementor-widget-text-editor.elementor-drop-cap-view-framed .elementor-drop-cap{color:#69727d;border:3px solid;background-color:transparent}.elementor-widget-text-editor:not(.elementor-drop-cap-view-default) .elementor-drop-cap{margin-top:8px}.elementor-widget-text-editor:not(.elementor-drop-cap-view-default) .elementor-drop-cap-letter{width:1em;height:1em}.elementor-widget-text-editor .elementor-drop-cap{float:left;text-align:center;line-height:1;font-size:50px}.elementor-widget-text-editor .elementor-drop-cap-letter{display:inline-block}<\/style>\t\t\t\t<p align=\"justify\">A BRICOELVAS, Bricolage e Materiais de Constru\u00e7\u00e3o, Lda., foi fundada em 2005 com o objectivo de comercializar materiais de constru\u00e7\u00e3o e decora\u00e7\u00e3o.<\/p><p align=\"justify\">Nas nossas instala\u00e7\u00f5es, na Zona Industrial em Elvas, dispomos de uma \u00e1rea de exposi\u00e7\u00e3o (showroom) com cerca de 300m\u00b2, com um vasto e diversificado leque de solu\u00e7\u00f5es, de marcas de prest\u00edgio nacional e internacional, para a decora\u00e7\u00e3o da sua casa, quer seja profissional ou p\u00fablico em geral.<br \/>Encontrar\u00e1 assim todos os produtos que necessita para a constru\u00e7\u00e3o, remodela\u00e7\u00e3o ou decora\u00e7\u00e3o do seu espa\u00e7o.<\/p>\t\t\t\t\t\t<\/div>\n\t\t\t\t<\/div>\n\t\t\t\t\t<\/div>\n\t\t<\/div>\n\t\t\t\t\t\t\t<\/div>\n\t\t<\/section>\n\t\t\t\t<section class=\"elementor-section elementor-top-section elementor-element elementor-element-62842da elementor-section-boxed elementor-section-height-default elementor-section-height-default\" data-id=\"62842da\" data-element_type=\"section\">\n\t\t\t\t\t\t<div class=\"elementor-container elementor-column-gap-default\">\n\t\t\t\t\t<div class=\"elementor-column elementor-col-50 elementor-top-column elementor-element elementor-element-42f3776\" data-id=\"42f3776\" data-element_type=\"column\">\n\t\t\t<div class=\"elementor-widget-wrap elementor-element-populated\">\n\t\t\t\t\t\t\t\t<div class=\"elementor-element elementor-element-0101864 elementor-widget elementor-widget-heading\" data-id=\"0101864\" data-element_type=\"widget\" data-widget_type=\"heading.default\">\n\t\t\t\t<div class=\"elementor-widget-container\">\n\t\t\t<h2 class=\"elementor-heading-title elementor-size-default\">MISS\u00c3O<\/h2>\t\t<\/div>\n\t\t\t\t<\/div>\n\t\t\t\t<div class=\"elementor-element elementor-element-7d450c7 elementor-widget elementor-widget-text-editor\" data-id=\"7d450c7\" data-element_type=\"widget\" data-widget_type=\"text-editor.default\">\n\t\t\t\t<div class=\"elementor-widget-container\">\n\t\t\t\t\t\t\t<p align=\"justify\">Com base na qualidade dos nossos produtos, na excel\u00eancia do nosso servi\u00e7o e na compet\u00eancia da nossa equipa, oferecemos solu\u00e7\u00f5es de interior e exterior para o lar, inovadoras e de elevado valor acrescentado, que visam a melhoria do bem-estar e qualidade de vida dos nossos clientes. Poder\u00e1 contar com um atendimento especializado e personalizado, um servi\u00e7o de entregas gratuito e um acompanhamento p\u00f3s-venda sempre dispon\u00edvel para encontrar a melhor solu\u00e7\u00e3o para si.<\/p>\t\t\t\t\t\t<\/div>\n\t\t\t\t<\/div>\n\t\t\t\t\t<\/div>\n\t\t<\/div>\n\t\t\t\t<div class=\"elementor-column elementor-col-50 elementor-top-column elementor-element elementor-element-ef10852\" data-id=\"ef10852\" data-element_type=\"column\">\n\t\t\t<div class=\"elementor-widget-wrap elementor-element-populated\">\n\t\t\t\t\t\t\t\t<div class=\"elementor-element elementor-element-78852fd elementor-widget elementor-widget-image\" data-id=\"78852fd\" data-element_type=\"widget\" data-widget_type=\"image.default\">\n\t\t\t\t<div class=\"elementor-widget-container\">\n\t\t\t\t\t\t\t\t\t\t\t\t\t\t\t<img decoding=\"async\" src=\"https:\/\/bricoelvas.pt\/2023\/wp-content\/uploads\/elementor\/thumbs\/IMG_1366-scaled-q9b9u07nhhsbbvvptxlafnacw0tw5n4gbxvsgyd964.jpg\" title=\"IMG_1366\" alt=\"IMG_1366\" loading=\"lazy\" \/>\t\t\t\t\t\t\t\t\t\t\t\t\t\t\t<\/div>\n\t\t\t\t<\/div>\n\t\t\t\t\t<\/div>\n\t\t<\/div>\n\t\t\t\t\t\t\t<\/div>\n\t\t<\/section>\n\t\t\t\t<section class=\"elementor-section elementor-top-section elementor-element elementor-element-584933f elementor-section-full_width elementor-section-height-default elementor-section-height-default\" data-id=\"584933f\" data-element_type=\"section\">\n\t\t\t\t\t\t<div class=\"elementor-container elementor-column-gap-default\">\n\t\t\t\t\t<div class=\"elementor-column elementor-col-100 elementor-top-column elementor-element elementor-element-e772633\" data-id=\"e772633\" data-element_type=\"column\">\n\t\t\t<div class=\"elementor-widget-wrap elementor-element-populated\">\n\t\t\t\t\t\t\t\t<div class=\"elementor-element elementor-element-44b3a96 elementor-widget elementor-widget-spero_call_out_v4\" data-id=\"44b3a96\" data-element_type=\"widget\" data-widget_type=\"spero_call_out_v4.default\">\n\t\t\t\t<div class=\"elementor-widget-container\">\n\t\t\t    \n    <!-- CALL TO ACTION START (call-to-action-6) -->\n    <div class=\"ltn__call-to-action-area call-to-action-6 before-bg-bottom\">\n        <div class=\"container\">\n            <div class=\"row\">\n                <div class=\"col-lg-12\">\n                    <div class=\"call-to-action-inner call-to-action-inner-6 ltn__secondary-bg text-center---\">\n                                                <div class=\"coll-to-info text-color-white\">\n                            <h1>Procura materiais para a sua casa?<\/h1>                            <p>Podemos ajud\u00e1-lo a realizar o seu projecto de casa nova.<\/p>                        <\/div>\n                                                                        <div class=\"btn-wrapper\">\n                            <a class=\"btn btn-effect-3 btn-white\" href=\"https:\/\/bricoelvas.pt\/2023\/contact\/\">Pedir Cota\u00e7\u00e3o <i class=\"icon-next\"><\/i><\/a>\n                        <\/div>\n                                            <\/div>\n                <\/div>\n            <\/div>\n        <\/div>\n    <\/div>\n    <!-- CALL TO ACTION END -->\n        \n    \t\t<\/div>\n\t\t\t\t<\/div>\n\t\t\t\t\t<\/div>\n\t\t<\/div>\n\t\t\t\t\t\t\t<\/div>\n\t\t<\/section>\n\t\t\t\t\t\t\t<\/div>\n\t\t","protected":false},"excerpt":{"rendered":"<p>A BRICOELVAS, Bricolage e Materiais de Constru\u00e7\u00e3o A BRICOELVAS, Bricolage e Materiais de Constru\u00e7\u00e3o, Lda., foi fundada em 2005 com o objectivo de comercializar materiais de constru\u00e7\u00e3o e decora\u00e7\u00e3o. Nas nossas instala\u00e7\u00f5es, na Zona Industrial em Elvas, dispomos de uma \u00e1rea de exposi\u00e7\u00e3o (showroom) com cerca de 300m\u00b2, com um vasto e diversificado leque de [&hellip;]<\/p>\n","protected":false},"author":1,"featured_media":0,"parent":0,"menu_order":0,"comment_status":"closed","ping_status":"closed","template":"tpl-default-elementor.php","meta":{"om_disable_all_campaigns":false,"_monsterinsights_skip_tracking":false,"_monsterinsights_sitenote_active":false,"_monsterinsights_sitenote_note":"","_monsterinsights_sitenote_category":0,"footnotes":""},"class_list":["post-340","page","type-page","status-publish","hentry"],"aioseo_notices":[],"_links":{"self":[{"href":"https:\/\/bricoelvas.pt\/2023\/wp-json\/wp\/v2\/pages\/340","targetHints":{"allow":["GET"]}}],"collection":[{"href":"https:\/\/bricoelvas.pt\/2023\/wp-json\/wp\/v2\/pages"}],"about":[{"href":"https:\/\/bricoelvas.pt\/2023\/wp-json\/wp\/v2\/types\/page"}],"author":[{"embeddable":true,"href":"https:\/\/bricoelvas.pt\/2023\/wp-json\/wp\/v2\/users\/1"}],"replies":[{"embeddable":true,"href":"https:\/\/bricoelvas.pt\/2023\/wp-json\/wp\/v2\/comments?post=340"}],"version-history":[{"count":22,"href":"https:\/\/bricoelvas.pt\/2023\/wp-json\/wp\/v2\/pages\/340\/revisions"}],"predecessor-version":[{"id":1724,"href":"https:\/\/bricoelvas.pt\/2023\/wp-json\/wp\/v2\/pages\/340\/revisions\/1724"}],"wp:attachment":[{"href":"https:\/\/bricoelvas.pt\/2023\/wp-json\/wp\/v2\/media?parent=340"}],"curies":[{"name":"wp","href":"https:\/\/api.w.org\/{rel}","templated":true}]}}