{"id":102,"date":"2022-08-24T08:03:11","date_gmt":"2022-08-24T08:03:11","guid":{"rendered":"https:\/\/themexriver.com\/wp\/spero\/?page_id=102"},"modified":"2024-01-12T11:23:46","modified_gmt":"2024-01-12T11:23:46","slug":"home-style-02","status":"publish","type":"page","link":"https:\/\/bricoelvas.pt\/2023\/","title":{"rendered":"INICIO"},"content":{"rendered":"\t\t<div data-elementor-type=\"wp-page\" data-elementor-id=\"102\" class=\"elementor elementor-102\">\n\t\t\t\t\t\t\t\t\t<section class=\"elementor-section elementor-top-section elementor-element elementor-element-c8caab6 elementor-section-full_width elementor-section-height-default elementor-section-height-default\" data-id=\"c8caab6\" data-element_type=\"section\">\n\t\t\t\t\t\t<div class=\"elementor-container elementor-column-gap-default\">\n\t\t\t\t\t<div class=\"elementor-column elementor-col-100 elementor-top-column elementor-element elementor-element-a9ab20e\" data-id=\"a9ab20e\" data-element_type=\"column\">\n\t\t\t<div class=\"elementor-widget-wrap elementor-element-populated\">\n\t\t\t\t\t\t\t\t<div class=\"elementor-element elementor-element-50d6a16 elementor-widget elementor-widget-spero_main_slider_v4\" data-id=\"50d6a16\" data-element_type=\"widget\" data-widget_type=\"spero_main_slider_v4.default\">\n\t\t\t\t<div class=\"elementor-widget-container\">\n\t\t\t    \n    <!-- SLIDER AREA START (slider-3) -->\n    <div class=\"ltn__slider-area ltn__slider-3  section-bg-1\">\n        <div class=\"ltn__slide-one-active slick-slide-arrow-1 slick-slide-dots-1\">\n                        <!-- ltn__slide-item -->\n            <div class=\"ltn__slide-item ltn__slide-item-2 ltn__slide-item-3-normal ltn__slide-item-3 bg-image\" data-bg=\"https:\/\/bricoelvas.pt\/2023\/wp-content\/uploads\/2023\/05\/lovetiles.jpg\">\n                <div class=\"ltn__slide-item-inner \">\n                    <div class=\"container\">\n                        <div class=\"row\">\n                            <div class=\"col-lg-12 align-self-center\">\n                                <div class=\"slide-item-info\">\n                                    <div class=\"slide-item-info-inner ltn__slide-animation\">\n                                        <h6 class=\"slide-sub-title ltn__secondary-color animated text-uppercase\"><span><i class=\"fas fa-square-full\"><\/i><\/span> Grande experi\u00eancia em materiais de constru\u00e7\u00e3o<\/h6>                                         <h1 class=\"slide-title animated \">Padr\u00f5es mais elevados <br> de qualidade<\/h1>                                                                                <div class=\"slide-brief animated\">\n                                            <p>Todos os tipos de materiais - desde a concep\u00e7\u00e3o e coloca\u00e7\u00e3o da funda\u00e7\u00e3o at\u00e9 ao acabamento e coloca\u00e7\u00e3o em funcionamento.<\/p>\n                                        <\/div>\n                                                                                                                        <div class=\"btn-wrapper animated\">\n                                            <a href=\"https:\/\/bricoelvas.pt\/2023\/contact\/\" class=\"theme-btn-1 btn btn-effect-1\">Pe\u00e7a Cota\u00e7\u00e3o<\/a>                                                                                    <\/div>\n                                                                            <\/div>\n                                <\/div>\n                                <div class=\"slide-item-img\">\n                                    <!-- <img decoding=\"async\" src=\"img\/slider\/21.png\" alt=\"#\"> -->\n                                <\/div>\n                            <\/div>\n                        <\/div>\n                    <\/div>\n                <\/div>\n            <\/div>\n                        <!-- ltn__slide-item -->\n            <div class=\"ltn__slide-item ltn__slide-item-2 ltn__slide-item-3-normal ltn__slide-item-3 bg-image\" data-bg=\"https:\/\/bricoelvas.pt\/2023\/wp-content\/uploads\/2023\/05\/slide04.jpg\">\n                <div class=\"ltn__slide-item-inner \">\n                    <div class=\"container\">\n                        <div class=\"row\">\n                            <div class=\"col-lg-12 align-self-center\">\n                                <div class=\"slide-item-info\">\n                                    <div class=\"slide-item-info-inner ltn__slide-animation\">\n                                        <h6 class=\"slide-sub-title ltn__secondary-color animated text-uppercase\"><span><i class=\"fas fa-square-full\"><\/i><\/span> Grande experi\u00eancia em materiais de constru\u00e7\u00e3o<\/h6>                                         <h1 class=\"slide-title animated \">Padr\u00f5es mais elevados <br> de qualidade<\/h1>                                                                                <div class=\"slide-brief animated\">\n                                            <p>Todos os tipos de materiais - desde a concep\u00e7\u00e3o e coloca\u00e7\u00e3o da funda\u00e7\u00e3o at\u00e9 ao acabamento e coloca\u00e7\u00e3o em funcionamento.<\/p>\n                                        <\/div>\n                                                                                                                        <div class=\"btn-wrapper animated\">\n                                            <a href=\"https:\/\/bricoelvas.pt\/2023\/contact\/\" class=\"theme-btn-1 btn btn-effect-1\">Pe\u00e7a Cota\u00e7\u00e3o<\/a>                                                                                    <\/div>\n                                                                            <\/div>\n                                <\/div>\n                                <div class=\"slide-item-img\">\n                                    <!-- <img decoding=\"async\" src=\"img\/slider\/21.png\" alt=\"#\"> -->\n                                <\/div>\n                            <\/div>\n                        <\/div>\n                    <\/div>\n                <\/div>\n            <\/div>\n                        <!-- ltn__slide-item -->\n            <div class=\"ltn__slide-item ltn__slide-item-2 ltn__slide-item-3-normal ltn__slide-item-3 bg-image\" data-bg=\"https:\/\/bricoelvas.pt\/2023\/wp-content\/uploads\/2023\/05\/slide06-1.jpg\">\n                <div class=\"ltn__slide-item-inner \">\n                    <div class=\"container\">\n                        <div class=\"row\">\n                            <div class=\"col-lg-12 align-self-center\">\n                                <div class=\"slide-item-info\">\n                                    <div class=\"slide-item-info-inner ltn__slide-animation\">\n                                        <h6 class=\"slide-sub-title ltn__secondary-color animated text-uppercase\"><span><i class=\"fas fa-square-full\"><\/i><\/span> Grande experi\u00eancia em materiais de constru\u00e7\u00e3o<\/h6>                                         <h1 class=\"slide-title animated \">Pavimento Exterior <br> de qualidade<\/h1>                                                                                <div class=\"slide-brief animated\">\n                                            <p>Todos os tipos de materiais - desde a concep\u00e7\u00e3o e coloca\u00e7\u00e3o da funda\u00e7\u00e3o at\u00e9 ao acabamento e coloca\u00e7\u00e3o em funcionamento.<\/p>\n                                        <\/div>\n                                                                                                                        <div class=\"btn-wrapper animated\">\n                                            <a href=\"https:\/\/bricoelvas.pt\/2023\/contact\/\" class=\"theme-btn-1 btn btn-effect-1\">Pe\u00e7a Cota\u00e7\u00e3o<\/a>                                                                                    <\/div>\n                                                                            <\/div>\n                                <\/div>\n                                <div class=\"slide-item-img\">\n                                    <!-- <img decoding=\"async\" src=\"img\/slider\/21.png\" alt=\"#\"> -->\n                                <\/div>\n                            <\/div>\n                        <\/div>\n                    <\/div>\n                <\/div>\n            <\/div>\n             \n        <\/div>\n    <\/div>\n    <!-- SLIDER AREA END -->\n\n    \t\t<\/div>\n\t\t\t\t<\/div>\n\t\t\t\t\t<\/div>\n\t\t<\/div>\n\t\t\t\t\t\t\t<\/div>\n\t\t<\/section>\n\t\t\t\t<section class=\"elementor-section elementor-top-section elementor-element elementor-element-42d3faf elementor-section-full_width elementor-section-height-default elementor-section-height-default\" data-id=\"42d3faf\" data-element_type=\"section\">\n\t\t\t\t\t\t<div class=\"elementor-container elementor-column-gap-default\">\n\t\t\t\t\t<div class=\"elementor-column elementor-col-100 elementor-top-column elementor-element elementor-element-ae58fd1\" data-id=\"ae58fd1\" data-element_type=\"column\">\n\t\t\t<div class=\"elementor-widget-wrap elementor-element-populated\">\n\t\t\t\t\t\t\t\t<div class=\"elementor-element elementor-element-08b795d elementor-widget elementor-widget-spero_about_us\" data-id=\"08b795d\" data-element_type=\"widget\" data-widget_type=\"spero_about_us.default\">\n\t\t\t\t<div class=\"elementor-widget-container\">\n\t\t\t    \n    <!-- ABOUT US AREA START -->\n    <div class=\"ltn__about-us-area  pb-120 pt-120\">\n        <div class=\"container\">\n            <div class=\"row\">\n                <div class=\"col-lg-6 align-self-center\">\n                                        <div class=\"about-us-img-wrap about-img-left\">\n                                                \n                        <img decoding=\"async\" src=\"https:\/\/bricoelvas.pt\/2023\/wp-content\/uploads\/2023\/05\/Catalogo-Geral-2023.jpg\" alt=\"Awesome Image\">                        \n                                            <\/div>\n                                    <\/div>\n                <div class=\"col-lg-6 align-self-center\">\n                    <div class=\"about-us-info-wrap\">\n                                                <div class=\"section-title-area ltn__section-title-2\">\n                            <h6 class=\"section-subtitle ltn__secondary-color\"><span><i class=\"fas fa-square-full\"><\/i><\/span> Especialistas em Materiais de Constru\u00e7\u00e3o<\/h6>                            <h1 class=\"section-title\">A BRICOELVAS, Bricolage e Materiais de Constru\u00e7\u00e3o<\/h1>                            <p>EXCEL\u00caNCIA com SIMPLICIDADE<\/p>                        <\/div>\n                                                                        <p>Fundada em 2005 com o objectivo de comercializar materiais de constru\u00e7\u00e3o e decora\u00e7\u00e3o.\n\nNas nossas instala\u00e7\u00f5es, na Zona Industrial em Elvas, dispomos de uma \u00e1rea de exposi\u00e7\u00e3o (showroom) com cerca de 300m\u00b2, com um vasto e diversificado leque de solu\u00e7\u00f5es, de marcas de prest\u00edgio nacional e internacional, para a decora\u00e7\u00e3o da sua casa, quer seja profissional ou p\u00fablico em geral.\nEncontrar\u00e1 assim todos os produtos que necessita para a constru\u00e7\u00e3o, remodela\u00e7\u00e3o ou decora\u00e7\u00e3o do seu espa\u00e7o.<\/p>\n                                                <div class=\"about-author-info d-flex \">\n                            <div class=\"author-name-designation  align-self-center mr-30\">\n                                <!-- <h4 class=\"mb-0\">Jerry Henson<\/h4>\n                                <small>\/ Shop Director<\/small> -->\n                                                             <\/div>\n                                                    <\/div>\n                    <\/div>\n                <\/div>\n            <\/div>\n        <\/div>\n    <\/div>\n    <!-- ABOUT US AREA END -->                \n    \t\t<\/div>\n\t\t\t\t<\/div>\n\t\t\t\t\t<\/div>\n\t\t<\/div>\n\t\t\t\t\t\t\t<\/div>\n\t\t<\/section>\n\t\t\t\t<section class=\"elementor-section elementor-top-section elementor-element elementor-element-f095967 elementor-section-full_width elementor-section-height-default elementor-section-height-default\" data-id=\"f095967\" data-element_type=\"section\">\n\t\t\t\t\t\t<div class=\"elementor-container elementor-column-gap-default\">\n\t\t\t\t\t<div class=\"elementor-column elementor-col-100 elementor-top-column elementor-element elementor-element-33d8944\" data-id=\"33d8944\" data-element_type=\"column\">\n\t\t\t<div class=\"elementor-widget-wrap elementor-element-populated\">\n\t\t\t\t\t\t\t\t<div class=\"elementor-element elementor-element-9272e11 elementor-widget elementor-widget-spero_company_features\" data-id=\"9272e11\" data-element_type=\"widget\" data-widget_type=\"spero_company_features.default\">\n\t\t\t\t<div class=\"elementor-widget-container\">\n\t\t\t    \n        <!-- ABOUT US AREA START -->\n    <div class=\"ltn__about-us-area section-bg-6 bg-image-right-before pt-120 pb-90\">\n        <div class=\"bg-layer\" style=\"background-image: url(https:\/\/bricoelvas.pt\/2023\/wp-content\/uploads\/2023\/05\/01.jpg);\"><\/div>        \n        <div class=\"container\">\n            <div class=\"row\">\n                <div class=\"col-lg-6 align-self-center\">\n                    <div class=\"about-us-info-wrap\">\n                                                <div class=\"section-title-area ltn__section-title-2 mb-20\">\n                            <h6 class=\"section-subtitle ltn__secondary-color\"><span><i class=\"fas fa-square-full ltn__secondary-color\"><\/i><\/span> Grande experi\u00eancia em acabamentos<\/h6>                            <h1 class=\"section-title\">Somos Especialistas<\/h1>                        <\/div>\n                                               \n\t\t\t\t\t                           <ul class=\"ltn__list-item-half ltn__list-item-half-2 list-item-margin clearfix\">\n\t\t\t\t\t\t\t\t\t\t\t\t\t\t\t<li><i class=\"icon-done\"><\/i> Produtos T\u00e9cnicos<\/li>\n\t\t\t\t\t\t\t \t\t\t\t\t\t\t\t<li><i class=\"icon-done\"><\/i> Sanit\u00e1rios<\/li>\n\t\t\t\t\t\t\t \t\t\t\t\t\t\t\t<li><i class=\"icon-done\"><\/i> Pavimento Flutuante<\/li>\n\t\t\t\t\t\t\t \t\t\t\t\t\t\t\t<li><i class=\"icon-done\"><\/i> Torneiras<\/li>\n\t\t\t\t\t\t\t \t\t\t\t\t\t\t\t<li><i class=\"icon-done\"><\/i> Cabines \/ Resgardos<\/li>\n\t\t\t\t\t\t\t \t\t\t\t\t\t\t\t<li><i class=\"icon-done\"><\/i> Sistemas de Aquecimento<\/li>\n\t\t\t\t\t\t\t \t\t\t\t\t\t\t\t<li><i class=\"icon-done\"><\/i> Lava-Lou\u00e7as<\/li>\n\t\t\t\t\t\t\t \t\t\t\t\t\t\t\t<li><i class=\"icon-done\"><\/i> Torneiras<\/li>\n\t\t\t\t\t\t\t \t\t\t\t\t\t\t\t<li><i class=\"icon-done\"><\/i> Pavimentos e Revestimentos<\/li>\n\t\t\t\t\t\t\t \t\t\t\t\t\t\t\t<li><i class=\"icon-done\"><\/i> M\u00f3veis Casa de Banho<\/li>\n\t\t\t\t\t\t\t \t\t\t\t\t\t\t\t<li><i class=\"icon-done\"><\/i> Banheiras <\/li>\n\t\t\t\t\t\t\t \t\t\t\t\t\t\t\t<li><i class=\"icon-done\"><\/i> Bases Duche<\/li>\n\t\t\t\t\t\t\t \t\t\t\t\t\t<\/ul>\n\t\t\t\t\t\t                       \n\t\t\t\t\t                        <\/div>\n                <\/div>\n                <div class=\"col-lg-6 align-self-center\">\n                    <div class=\"about-us-img-wrap about-img-left\">\n                        \n                    <\/div>\n                <\/div>\n            <\/div>\n        <\/div>\n    <\/div>\n    <!-- ABOUT US AREA END -->\n    \n    \t\t<\/div>\n\t\t\t\t<\/div>\n\t\t\t\t\t<\/div>\n\t\t<\/div>\n\t\t\t\t\t\t\t<\/div>\n\t\t<\/section>\n\t\t\t\t<section class=\"elementor-section elementor-top-section elementor-element elementor-element-42b9d5e elementor-section-full_width elementor-section-height-default elementor-section-height-default\" data-id=\"42b9d5e\" data-element_type=\"section\" data-settings=\"{&quot;background_background&quot;:&quot;classic&quot;}\">\n\t\t\t\t\t\t<div class=\"elementor-container elementor-column-gap-default\">\n\t\t\t\t\t<div class=\"elementor-column elementor-col-100 elementor-top-column elementor-element elementor-element-80a1d45\" data-id=\"80a1d45\" data-element_type=\"column\" data-settings=\"{&quot;background_background&quot;:&quot;classic&quot;}\">\n\t\t\t<div class=\"elementor-widget-wrap elementor-element-populated\">\n\t\t\t\t\t\t\t\t<div class=\"elementor-element elementor-element-45cd792 elementor-widget elementor-widget-image-carousel\" data-id=\"45cd792\" data-element_type=\"widget\" data-settings=\"{&quot;slides_to_show&quot;:&quot;6&quot;,&quot;navigation&quot;:&quot;none&quot;,&quot;autoplay&quot;:&quot;yes&quot;,&quot;pause_on_hover&quot;:&quot;yes&quot;,&quot;pause_on_interaction&quot;:&quot;yes&quot;,&quot;autoplay_speed&quot;:5000,&quot;infinite&quot;:&quot;yes&quot;,&quot;speed&quot;:500}\" data-widget_type=\"image-carousel.default\">\n\t\t\t\t<div class=\"elementor-widget-container\">\n\t\t\t<style>\/*! elementor - v3.12.2 - 23-04-2023 *\/\n.elementor-widget-image-carousel .swiper,.elementor-widget-image-carousel .swiper-container{position:static}.elementor-widget-image-carousel .swiper-container .swiper-slide figure,.elementor-widget-image-carousel .swiper .swiper-slide figure{line-height:inherit}.elementor-widget-image-carousel .swiper-slide{text-align:center}.elementor-image-carousel-wrapper:not(.swiper-container-initialized) .swiper-slide,.elementor-image-carousel-wrapper:not(.swiper-initialized) .swiper-slide{max-width:calc(100% \/ var(--e-image-carousel-slides-to-show, 3))}<\/style>\t\t<div class=\"elementor-image-carousel-wrapper swiper\" dir=\"ltr\">\n\t\t\t<div class=\"elementor-image-carousel swiper-wrapper\">\n\t\t\t\t\t\t\t\t<div class=\"swiper-slide\"><figure class=\"swiper-slide-inner\"><img decoding=\"async\" class=\"swiper-slide-image\" src=\"https:\/\/bricoelvas.pt\/2023\/wp-content\/uploads\/2023\/05\/xpr.jpg\" alt=\"xpr\" \/><\/figure><\/div><div class=\"swiper-slide\"><figure class=\"swiper-slide-inner\"><img decoding=\"async\" class=\"swiper-slide-image\" src=\"https:\/\/bricoelvas.pt\/2023\/wp-content\/uploads\/2023\/05\/w2007.jpg\" alt=\"w2007\" \/><\/figure><\/div><div class=\"swiper-slide\"><figure class=\"swiper-slide-inner\"><img decoding=\"async\" class=\"swiper-slide-image\" src=\"https:\/\/bricoelvas.pt\/2023\/wp-content\/uploads\/2023\/05\/vidrepur.jpg\" alt=\"vidrepur\" \/><\/figure><\/div><div class=\"swiper-slide\"><figure class=\"swiper-slide-inner\"><img decoding=\"async\" class=\"swiper-slide-image\" src=\"https:\/\/bricoelvas.pt\/2023\/wp-content\/uploads\/2023\/05\/STN.jpg\" alt=\"STN\" \/><\/figure><\/div><div class=\"swiper-slide\"><figure class=\"swiper-slide-inner\"><img decoding=\"async\" class=\"swiper-slide-image\" src=\"https:\/\/bricoelvas.pt\/2023\/wp-content\/uploads\/2023\/05\/sika.jpg\" alt=\"sika\" \/><\/figure><\/div><div class=\"swiper-slide\"><figure class=\"swiper-slide-inner\"><img decoding=\"async\" class=\"swiper-slide-image\" src=\"https:\/\/bricoelvas.pt\/2023\/wp-content\/uploads\/2023\/05\/sanitana.jpg\" alt=\"sanitana\" \/><\/figure><\/div><div class=\"swiper-slide\"><figure class=\"swiper-slide-inner\"><img decoding=\"async\" class=\"swiper-slide-image\" src=\"https:\/\/bricoelvas.pt\/2023\/wp-content\/uploads\/2023\/05\/revigres.jpg\" alt=\"revigres\" \/><\/figure><\/div><div class=\"swiper-slide\"><figure class=\"swiper-slide-inner\"><img decoding=\"async\" class=\"swiper-slide-image\" src=\"https:\/\/bricoelvas.pt\/2023\/wp-content\/uploads\/2023\/05\/revestech.jpg\" alt=\"revestech\" \/><\/figure><\/div><div class=\"swiper-slide\"><figure class=\"swiper-slide-inner\"><img decoding=\"async\" class=\"swiper-slide-image\" src=\"https:\/\/bricoelvas.pt\/2023\/wp-content\/uploads\/2023\/05\/recer.jpg\" alt=\"recer\" \/><\/figure><\/div><div class=\"swiper-slide\"><figure class=\"swiper-slide-inner\"><img decoding=\"async\" class=\"swiper-slide-image\" src=\"https:\/\/bricoelvas.pt\/2023\/wp-content\/uploads\/2023\/05\/PROFILTEX.jpg\" alt=\"PROFILTEX\" \/><\/figure><\/div><div class=\"swiper-slide\"><figure class=\"swiper-slide-inner\"><img decoding=\"async\" class=\"swiper-slide-image\" src=\"https:\/\/bricoelvas.pt\/2023\/wp-content\/uploads\/2023\/05\/pamesa.jpg\" alt=\"pamesa\" \/><\/figure><\/div><div class=\"swiper-slide\"><figure class=\"swiper-slide-inner\"><img decoding=\"async\" class=\"swiper-slide-image\" src=\"https:\/\/bricoelvas.pt\/2023\/wp-content\/uploads\/2023\/05\/MIJARES.jpg\" alt=\"MIJARES\" \/><\/figure><\/div><div class=\"swiper-slide\"><figure class=\"swiper-slide-inner\"><img decoding=\"async\" class=\"swiper-slide-image\" src=\"https:\/\/bricoelvas.pt\/2023\/wp-content\/uploads\/2023\/05\/MENACHO.jpg\" alt=\"MENACHO\" \/><\/figure><\/div><div class=\"swiper-slide\"><figure class=\"swiper-slide-inner\"><img decoding=\"async\" class=\"swiper-slide-image\" src=\"https:\/\/bricoelvas.pt\/2023\/wp-content\/uploads\/2023\/05\/margres.jpg\" alt=\"margres\" \/><\/figure><\/div><div class=\"swiper-slide\"><figure class=\"swiper-slide-inner\"><img decoding=\"async\" class=\"swiper-slide-image\" src=\"https:\/\/bricoelvas.pt\/2023\/wp-content\/uploads\/2023\/05\/macel1.jpg\" alt=\"macel1\" \/><\/figure><\/div><div class=\"swiper-slide\"><figure class=\"swiper-slide-inner\"><img decoding=\"async\" class=\"swiper-slide-image\" src=\"https:\/\/bricoelvas.pt\/2023\/wp-content\/uploads\/2023\/05\/love.jpg\" alt=\"love\" \/><\/figure><\/div><div class=\"swiper-slide\"><figure class=\"swiper-slide-inner\"><img decoding=\"async\" class=\"swiper-slide-image\" src=\"https:\/\/bricoelvas.pt\/2023\/wp-content\/uploads\/2023\/05\/logo1.gif\" alt=\"logo1\" \/><\/figure><\/div><div class=\"swiper-slide\"><figure class=\"swiper-slide-inner\"><img decoding=\"async\" class=\"swiper-slide-image\" src=\"https:\/\/bricoelvas.pt\/2023\/wp-content\/uploads\/2023\/05\/H_DUO.jpg\" alt=\"H_DUO\" \/><\/figure><\/div><div class=\"swiper-slide\"><figure class=\"swiper-slide-inner\"><img decoding=\"async\" class=\"swiper-slide-image\" src=\"https:\/\/bricoelvas.pt\/2023\/wp-content\/uploads\/2023\/05\/grupo_puma.jpg\" alt=\"grupo_puma\" \/><\/figure><\/div><div class=\"swiper-slide\"><figure class=\"swiper-slide-inner\"><img decoding=\"async\" class=\"swiper-slide-image\" src=\"https:\/\/bricoelvas.pt\/2023\/wp-content\/uploads\/2023\/05\/gresco.jpg\" alt=\"gresco\" \/><\/figure><\/div><div class=\"swiper-slide\"><figure class=\"swiper-slide-inner\"><img decoding=\"async\" class=\"swiper-slide-image\" src=\"https:\/\/bricoelvas.pt\/2023\/wp-content\/uploads\/2023\/05\/gresart.jpg\" alt=\"gresart\" \/><\/figure><\/div><div class=\"swiper-slide\"><figure class=\"swiper-slide-inner\"><img decoding=\"async\" class=\"swiper-slide-image\" src=\"https:\/\/bricoelvas.pt\/2023\/wp-content\/uploads\/2023\/05\/geotitle.jpg\" alt=\"geotitle\" \/><\/figure><\/div><div class=\"swiper-slide\"><figure class=\"swiper-slide-inner\"><img decoding=\"async\" class=\"swiper-slide-image\" src=\"https:\/\/bricoelvas.pt\/2023\/wp-content\/uploads\/2023\/05\/cinca1.jpg\" alt=\"cinca1\" \/><\/figure><\/div><div class=\"swiper-slide\"><figure class=\"swiper-slide-inner\"><img decoding=\"async\" class=\"swiper-slide-image\" src=\"https:\/\/bricoelvas.pt\/2023\/wp-content\/uploads\/2023\/05\/BANHOAZIS.jpg\" alt=\"BANHOAZIS\" \/><\/figure><\/div><div class=\"swiper-slide\"><figure class=\"swiper-slide-inner\"><img decoding=\"async\" class=\"swiper-slide-image\" src=\"https:\/\/bricoelvas.pt\/2023\/wp-content\/uploads\/2023\/05\/balterio.jpg\" alt=\"balterio\" \/><\/figure><\/div><div class=\"swiper-slide\"><figure class=\"swiper-slide-inner\"><img decoding=\"async\" class=\"swiper-slide-image\" src=\"https:\/\/bricoelvas.pt\/2023\/wp-content\/uploads\/2023\/05\/aleluia.jpg\" alt=\"aleluia\" \/><\/figure><\/div><div class=\"swiper-slide\"><figure class=\"swiper-slide-inner\"><img decoding=\"async\" class=\"swiper-slide-image\" src=\"https:\/\/bricoelvas.pt\/2023\/wp-content\/uploads\/2023\/05\/AJNOGUEIRA_LOGO.jpg\" alt=\"AJNOGUEIRA_LOGO\" \/><\/figure><\/div>\t\t\t<\/div>\n\t\t\t\t\t\t\t\t\t\t\t\t\t\t\t\t<\/div>\n\t\t\t\t<\/div>\n\t\t\t\t<\/div>\n\t\t\t\t\t<\/div>\n\t\t<\/div>\n\t\t\t\t\t\t\t<\/div>\n\t\t<\/section>\n\t\t\t\t\t\t\t<\/div>\n\t\t","protected":false},"excerpt":{"rendered":"<p>Grande experi\u00eancia em materiais de constru\u00e7\u00e3o Padr\u00f5es mais elevados de qualidade Todos os tipos de materiais &#8211; desde a concep\u00e7\u00e3o e coloca\u00e7\u00e3o da funda\u00e7\u00e3o at\u00e9 ao acabamento e coloca\u00e7\u00e3o em funcionamento. Pe\u00e7a Cota\u00e7\u00e3o Grande experi\u00eancia em materiais de constru\u00e7\u00e3o Padr\u00f5es mais elevados de qualidade Todos os tipos de materiais &#8211; desde a concep\u00e7\u00e3o e coloca\u00e7\u00e3o [&hellip;]<\/p>\n","protected":false},"author":1,"featured_media":0,"parent":0,"menu_order":0,"comment_status":"closed","ping_status":"closed","template":"tpl-default-elementor.php","meta":{"om_disable_all_campaigns":false,"_monsterinsights_skip_tracking":false,"_monsterinsights_sitenote_active":false,"_monsterinsights_sitenote_note":"","_monsterinsights_sitenote_category":0,"footnotes":""},"class_list":["post-102","page","type-page","status-publish","hentry"],"aioseo_notices":[],"_links":{"self":[{"href":"https:\/\/bricoelvas.pt\/2023\/wp-json\/wp\/v2\/pages\/102","targetHints":{"allow":["GET"]}}],"collection":[{"href":"https:\/\/bricoelvas.pt\/2023\/wp-json\/wp\/v2\/pages"}],"about":[{"href":"https:\/\/bricoelvas.pt\/2023\/wp-json\/wp\/v2\/types\/page"}],"author":[{"embeddable":true,"href":"https:\/\/bricoelvas.pt\/2023\/wp-json\/wp\/v2\/users\/1"}],"replies":[{"embeddable":true,"href":"https:\/\/bricoelvas.pt\/2023\/wp-json\/wp\/v2\/comments?post=102"}],"version-history":[{"count":86,"href":"https:\/\/bricoelvas.pt\/2023\/wp-json\/wp\/v2\/pages\/102\/revisions"}],"predecessor-version":[{"id":1822,"href":"https:\/\/bricoelvas.pt\/2023\/wp-json\/wp\/v2\/pages\/102\/revisions\/1822"}],"wp:attachment":[{"href":"https:\/\/bricoelvas.pt\/2023\/wp-json\/wp\/v2\/media?parent=102"}],"curies":[{"name":"wp","href":"https:\/\/api.w.org\/{rel}","templated":true}]}}